{"id":7,"date":"2022-08-12T23:08:31","date_gmt":"2022-08-12T21:08:31","guid":{"rendered":"https:\/\/m-domy.cz\/?page_id=7"},"modified":"2025-12-29T22:18:34","modified_gmt":"2025-12-29T21:18:34","slug":"homepage","status":"publish","type":"page","link":"https:\/\/m-domy.cz\/","title":{"rendered":"Homepage"},"content":{"rendered":"<p>[et_pb_section fb_built=&#8220;1&#8243; fullwidth=&#8220;on&#8220; theme_builder_area=&#8220;post_content&#8220; _builder_version=&#8220;4.17.4&#8243; _module_preset=&#8220;default&#8220; module_class=&#8220;hero-parallax&#8220; module_id=&#8220;top&#8220; hover_enabled=&#8220;0&#8243; sticky_enabled=&#8220;0&#8243;][et_pb_fullwidth_code _builder_version=&#8220;4.17.4&#8243; _module_preset=&#8220;default&#8220; theme_builder_area=&#8220;post_content&#8220; hover_enabled=&#8220;0&#8243; sticky_enabled=&#8220;0&#8243;]<\/p>\n<div class=\"hero\"><!-- [et_pb_line_break_holder] -->      <\/p>\n<div class=\"hero-box\"><!-- [et_pb_line_break_holder] -->        <\/p>\n<h1 class=\"reveal r1\">M-DOMY s.r.o.<\/h1>\n<p><!-- [et_pb_line_break_holder] --><!-- [et_pb_line_break_holder] -->        <\/p>\n<h2 class=\"reveal r2\"><!-- [et_pb_line_break_holder] -->          Zab\u00fdv\u00e1me se zpracov\u00e1n\u00edm projektov\u00fdch dokumentac\u00ed pozemn\u00edch staveb v\u010d. demolic,<!-- [et_pb_line_break_holder] -->          pasportu a in\u017een\u00fdrskou \u010dinnost\u00ed ve v\u0161ech f\u00e1z\u00edch pot\u0159ebn\u00fdch pro realizaci projektu.<!-- [et_pb_line_break_holder] -->          M\u00edsto na\u0161eho p\u016fsoben\u00ed je v Olomouci a jej\u00edm bl\u00edzk\u00e9m okol\u00ed.<!-- [et_pb_line_break_holder] -->        <\/h2>\n<p><!-- [et_pb_line_break_holder] --><!-- [et_pb_line_break_holder] -->        <a href=\"#reference\" class=\"btn reveal r3\">Na\u0161e pr\u00e1ce \u2192<\/a><!-- [et_pb_line_break_holder] -->      <\/div>\n<p><!-- [et_pb_line_break_holder] -->    <\/div>\n<p><!-- [et_pb_line_break_holder] -->[\/et_pb_fullwidth_code][\/et_pb_section][et_pb_section fb_built=&#8220;1&#8243; disabled_on=&#8220;on|on|on&#8220; admin_label=&#8220;Welcome &#038; About Us&#8220; _builder_version=&#8220;4.17.4&#8243; _module_preset=&#8220;default&#8220; background_color=&#8220;#121212&#8243; use_background_color_gradient=&#8220;on&#8220; background_color_gradient_stops=&#8220;#121212 20%|rgba(18,18,18,0.6) 100%&#8220; background_color_gradient_overlays_image=&#8220;on&#8220; background_color_gradient_start=&#8220;#121212&#8243; background_color_gradient_start_position=&#8220;20%&#8220; background_color_gradient_end=&#8220;rgba(18,18,18,0.6)&#8220; background_image=&#8220;https:\/\/m-domy.cz\/wp-content\/uploads\/2022\/08\/architect-firm-01.jpg&#8220; custom_padding=&#8220;8%|0px|20%|0px&#8220; disabled=&#8220;on&#8220; global_colors_info=&#8220;{}&#8220;][et_pb_row _builder_version=&#8220;4.16&#8243; _module_preset=&#8220;default&#8220; custom_margin=&#8220;|||&#8220; custom_padding=&#8220;||60px|&#8220; animation_style=&#8220;fade&#8220; global_colors_info=&#8220;{}&#8220;][et_pb_column type=&#8220;4_4&#8243; _builder_version=&#8220;4.16&#8243; _module_preset=&#8220;default&#8220; custom_padding=&#8220;|||&#8220; global_colors_info=&#8220;{}&#8220; custom_padding__hover=&#8220;|||&#8220;][et_pb_text _builder_version=&#8220;4.16&#8243; _module_preset=&#8220;default&#8220; text_font=&#8220;||||||||&#8220; header_font=&#8220;||||||||&#8220; header_3_font=&#8220;Karla|700||on|||||&#8220; header_3_text_color=&#8220;#c2ab92&#8243; header_3_font_size=&#8220;16px&#8220; header_3_letter_spacing=&#8220;1px&#8220; text_orientation=&#8220;center&#8220; background_layout=&#8220;dark&#8220; module_alignment=&#8220;left&#8220; custom_margin=&#8220;||20px|&#8220; locked=&#8220;off&#8220; global_colors_info=&#8220;{}&#8220;]<\/p>\n<h3>About Elegant Inc.<\/h3>\n<p>[\/et_pb_text][et_pb_text _builder_version=&#8220;4.16&#8243; _module_preset=&#8220;default&#8220; text_font=&#8220;Cormorant Garamond||||||||&#8220; text_font_size=&#8220;24px&#8220; text_line_height=&#8220;1.8em&#8220; header_font=&#8220;||||||||&#8220; header_4_font=&#8220;Cormorant Garamond|300||on|||||&#8220; header_4_font_size=&#8220;13px&#8220; header_4_line_height=&#8220;1.8em&#8220; text_orientation=&#8220;center&#8220; background_layout=&#8220;dark&#8220; animation_style=&#8220;fade&#8220; global_colors_info=&#8220;{}&#8220;]<\/p>\n<p>Sed ut perspiciatis unde omnis iste natus error sit voluptatem accusantium doloremque laudantium, totam rem aperiam, eaque ipsa quae ab illo inventore veritatis et quasi architecto beatae vitae dicta sunt explicabo. Nemo enim ipsam voluptatem quia voluptas sit aspernatur aut odit aut fugit, sed quia consequuntur magni dolores eos qui ratione voluptatem sequi nesciunt. Neque porro quisquam est, qui dolorem<\/p>\n<p>[\/et_pb_text][\/et_pb_column][\/et_pb_row][et_pb_row column_structure=&#8220;1_3,1_3,1_3&#8243; _builder_version=&#8220;4.16&#8243; _module_preset=&#8220;default&#8220; global_colors_info=&#8220;{}&#8220;][et_pb_column type=&#8220;1_3&#8243; _builder_version=&#8220;4.16&#8243; _module_preset=&#8220;default&#8220; custom_padding=&#8220;|||&#8220; global_colors_info=&#8220;{}&#8220; custom_padding__hover=&#8220;|||&#8220;][et_pb_blurb title=&#8220;Commercial Design&#8220; image=&#8220;https:\/\/m-domy.cz\/wp-content\/uploads\/2022\/08\/architecture-firm-02.png&#8220; _builder_version=&#8220;4.16&#8243; _module_preset=&#8220;default&#8220; header_font=&#8220;Cormorant Garamond||||||||&#8220; header_font_size=&#8220;24px&#8220; header_line_height=&#8220;1.8em&#8220; body_font=&#8220;Karla||||||||&#8220; body_text_color=&#8220;rgba(255,255,255,0.7)&#8220; body_font_size=&#8220;16px&#8220; body_line_height=&#8220;1.8em&#8220; text_orientation=&#8220;center&#8220; background_layout=&#8220;dark&#8220; animation=&#8220;off&#8220; global_colors_info=&#8220;{}&#8220;]<\/p>\n<p>aperiam, eaque ipsa quae ab illo inventore veritatis et quasi architecto beatae vitae dicta sunt explicabo. Nemo enim ipsam voluptatem quia voluptas sit<\/p>\n<p>[\/et_pb_blurb][\/et_pb_column][et_pb_column type=&#8220;1_3&#8243; _builder_version=&#8220;4.16&#8243; _module_preset=&#8220;default&#8220; custom_padding=&#8220;|||&#8220; global_colors_info=&#8220;{}&#8220; custom_padding__hover=&#8220;|||&#8220;][et_pb_blurb title=&#8220;Residential Design&#8220; image=&#8220;https:\/\/m-domy.cz\/wp-content\/uploads\/2022\/08\/architecture-firm-04.png&#8220; _builder_version=&#8220;4.16&#8243; _module_preset=&#8220;default&#8220; header_font=&#8220;Cormorant Garamond||||||||&#8220; header_font_size=&#8220;24px&#8220; header_line_height=&#8220;1.8em&#8220; body_font=&#8220;Karla||||||||&#8220; body_text_color=&#8220;rgba(255,255,255,0.7)&#8220; body_font_size=&#8220;16px&#8220; body_line_height=&#8220;1.8em&#8220; text_orientation=&#8220;center&#8220; background_layout=&#8220;dark&#8220; animation=&#8220;off&#8220; global_colors_info=&#8220;{}&#8220;]<\/p>\n<p>Sed ut perspiciatis unde omnis iste natus error sit voluptatem accusantium doloremque laudantium, totam rem aperiam, eaque ipsa quae ab<\/p>\n<p>[\/et_pb_blurb][\/et_pb_column][et_pb_column type=&#8220;1_3&#8243; _builder_version=&#8220;4.16&#8243; _module_preset=&#8220;default&#8220; custom_padding=&#8220;|||&#8220; global_colors_info=&#8220;{}&#8220; custom_padding__hover=&#8220;|||&#8220;][et_pb_blurb title=&#8220;Interior Design&#8220; image=&#8220;https:\/\/m-domy.cz\/wp-content\/uploads\/2022\/08\/architecture-firm-01.png&#8220; _builder_version=&#8220;4.16&#8243; _module_preset=&#8220;default&#8220; header_font=&#8220;Cormorant Garamond||||||||&#8220; header_font_size=&#8220;24px&#8220; header_line_height=&#8220;1.8em&#8220; body_font=&#8220;Karla||||||||&#8220; body_text_color=&#8220;rgba(255,255,255,0.7)&#8220; body_font_size=&#8220;16px&#8220; body_line_height=&#8220;1.8em&#8220; text_orientation=&#8220;center&#8220; background_layout=&#8220;dark&#8220; animation=&#8220;off&#8220; global_colors_info=&#8220;{}&#8220;]<\/p>\n<p>At vero eos et accusamus et iusto odio dignissimos ducimus qui blanditiis praesentium voluptatum deleniti atque corrupti quos dolores<\/p>\n<p>[\/et_pb_blurb][\/et_pb_column][\/et_pb_row][\/et_pb_section][et_pb_section fb_built=&#8220;1&#8243; disabled_on=&#8220;off|off|off&#8220; admin_label=&#8220;Services&#8220; module_id=&#8220;reference&#8220; _builder_version=&#8220;4.17.4&#8243; _module_preset=&#8220;default&#8220; custom_padding=&#8220;60px|0px|60px|0px|true|false&#8220; hover_enabled=&#8220;0&#8243; global_colors_info=&#8220;{}&#8220; sticky_enabled=&#8220;0&#8243; background_color=&#8220;#fafaec&#8220;][et_pb_row _builder_version=&#8220;4.16&#8243; _module_preset=&#8220;default&#8220; max_width=&#8220;1440px&#8220; custom_margin=&#8220;||50px|&#8220; use_custom_width=&#8220;on&#8220; custom_width_px=&#8220;1440px&#8220; global_colors_info=&#8220;{}&#8220;][et_pb_column type=&#8220;4_4&#8243; _builder_version=&#8220;4.16&#8243; _module_preset=&#8220;default&#8220; custom_padding=&#8220;|||&#8220; global_colors_info=&#8220;{}&#8220; custom_padding__hover=&#8220;|||&#8220;][et_pb_text _builder_version=&#8220;4.17.4&#8243; _module_preset=&#8220;default&#8220; text_font=&#8220;||||||||&#8220; header_font=&#8220;||||||||&#8220; header_3_font=&#8220;Karla|700||on|||||&#8220; header_3_text_color=&#8220;#c2ab92&#8243; header_3_font_size=&#8220;20px&#8220; header_3_letter_spacing=&#8220;1px&#8220; module_alignment=&#8220;right&#8220; custom_margin=&#8220;40px||20px|&#8220; custom_padding=&#8220;|||&#8220; hover_enabled=&#8220;0&#8243; global_colors_info=&#8220;{}&#8220; sticky_enabled=&#8220;0&#8243; module_class=&#8220;ease-out&#8220;]<\/p>\n<h3>Reference<\/h3>\n<p>[\/et_pb_text][et_pb_divider color=&#8220;#c2ab92&#8243; divider_weight=&#8220;2px&#8220; _builder_version=&#8220;4.16&#8243; _module_preset=&#8220;default&#8220; max_width=&#8220;150px&#8220; height=&#8220;2px&#8220; custom_margin=&#8220;|||&#8220; custom_padding=&#8220;|||-80px&#8220; custom_padding_tablet=&#8220;|0px||&#8220; custom_padding_last_edited=&#8220;off|desktop&#8220; global_colors_info=&#8220;{}&#8220;][\/et_pb_divider][et_pb_text _builder_version=&#8220;4.17.4&#8243; _module_preset=&#8220;default&#8220; text_font=&#8220;Karla||||||||&#8220; text_font_size=&#8220;18px&#8220; text_line_height=&#8220;1.8em&#8220; header_font=&#8220;||||||||&#8220; header_2_font=&#8220;Cormorant Garamond||||||||&#8220; header_2_font_size=&#8220;40px&#8220; header_2_line_height=&#8220;1.4em&#8220; header_3_font=&#8220;||||||||&#8220; hover_enabled=&#8220;0&#8243; locked=&#8220;off&#8220; global_colors_info=&#8220;{}&#8220; sticky_enabled=&#8220;0&#8243;]<\/p>\n<p><strong>Rodinn\u00e9 domy:<\/strong><\/p>\n<ul>\n<li>RD Olomouc, Slavon\u00edn<\/li>\n<li>RD Olomouc, Hej\u010d\u00edn (3x bungalov)<\/li>\n<li>RD Olomouc, Horn\u00ed l\u00e1n<\/li>\n<li>RD Olomouc, Univerzitn\u00ed (pasport, dodate\u010dn\u00e9 povolen\u00ed)<\/li>\n<li>RD Olomouc, Smr\u010dkova (stavebn\u00ed \u00fapravy podkrov\u00ed v\u010d. zateplen\u00ed)<\/li>\n<li>RD Uni\u010dov (bungalov 1)<\/li>\n<li>RD Uni\u010dov (bungalov 2)<\/li>\n<li>RD P\u0159estavlky<\/li>\n<li>RD Ko\u017eu\u0161any<\/li>\n<li>RD Moravsk\u00e1 T\u0159ebov\u00e1 (pasport, projekt pro NZ\u00da)<\/li>\n<li>Rekonstrukce RD s\u00a0dv\u011bmi jednotkami, Olomouc &#8211; Hej\u010d\u00edn<\/li>\n<li>8 RD Hnojice v\u010d. kryt\u00e9ho parkovac\u00edho st\u00e1n\u00ed<\/li>\n<\/ul>\n<p>&nbsp;<\/p>\n<p><strong>Pasport:<\/strong><\/p>\n<ul>\n<li>Pasport gar\u00e1\u017e Brodek u P\u0159erova<\/li>\n<li>Pasport b\u00fdval\u00e9 kotelny Olomouc &#8211; Ne\u0159ed\u00edn<\/li>\n<li>Pasport RD Nov\u00e1 Ves u Litovle<\/li>\n<li>Pasport RD Dlouh\u00e1 Lou\u010dka<\/li>\n<li>Pasport RD Olomouc, Doln\u00ed Novosadsk\u00e1<\/li>\n<li>Pasport k\u016flny a zahradn\u00edho domu obec Chudob\u00edn u Litovle<\/li>\n<li>Pasport d\u00edlny u RD, obec Ko\u017eu\u0161any<\/li>\n<li>Pasport 6-ti rodinn\u00fdch dom\u016f v obci N\u011bm\u010dany\u00a0\u00a0<\/li>\n<\/ul>\n<p>&nbsp;<\/p>\n<p><strong>Ostatn\u00ed:<\/strong><\/p>\n<ul>\n<li>Autobazar Uni\u010dov<\/li>\n<li>Demolice zem\u011bd\u011blsk\u00e9ho are\u00e1lu Nedv\u011bz\u00ed u Olomouce<\/li>\n<li>Demolice RD \u00dajezd u Uni\u010dova<\/li>\n<li>Demolice RD Olomouc, Star\u00e1 V\u00edska<\/li>\n<li>DUR pro p\u0159\u00edstavby zimn\u00ed zahrady, Olomouc Chvalkovice<\/li>\n<li>Gar\u00e1\u017e k\u00a0RD Tr\u0161ice<\/li>\n<li>Multifunk\u010dn\u00ed u\u010debna z\u00e1kladn\u00ed \u0161koly N\u011bm\u010dany<\/li>\n<li>Stavebn\u00ed \u00fapravy bytov\u00e9ho domu v Olomouci, ulice Roseveltova<\/li>\n<li>Stavebn\u00ed \u00fapravy b\u00fdval\u00e9 kotelny na sklad Olomouc<\/li>\n<li>Stavebn\u00ed \u00fapravy p\u0159\u00edzem\u00ed polyfunk\u010dn\u00edho domu na ordinaci pediatra<\/li>\n<li>Studie rodinn\u00e9ho domu Olomouc &#8211; Ne\u0159ed\u00edn<\/li>\n<li>V\u00fdrobn\u00ed hala Blatec u Olomouce<\/li>\n<li>Zm\u011bna u\u017e\u00edv\u00e1n\u00ed nebytov\u00e9 jednotky na \u201eOrdinace fyzioterapeuta\u201c Olomouc, Hej\u010d\u00edn<\/li>\n<li>Zm\u011bna u\u017e\u00edv\u00e1n\u00ed nebytov\u00e9 jednotky na \u201eKosmetiku\u201c Olomouc, Mozartova<\/li>\n<\/ul>\n<p>[\/et_pb_text][\/et_pb_column][\/et_pb_row][\/et_pb_section][et_pb_section fb_built=&#8220;1&#8243; admin_label=&#8220;Contact&#8220; module_id=&#8220;kontakt&#8220; _builder_version=&#8220;4.17.4&#8243; _module_preset=&#8220;default&#8220; background_color=&#8220;#1b1b1b&#8220; custom_padding=&#8220;100px|0px|100px|0px&#8220; global_colors_info=&#8220;{}&#8220;][et_pb_row column_structure=&#8220;1_2,1_2&#8243; _builder_version=&#8220;4.16&#8243; _module_preset=&#8220;default&#8220; global_colors_info=&#8220;{}&#8220;][et_pb_column type=&#8220;1_2&#8243; _builder_version=&#8220;4.16&#8243; _module_preset=&#8220;default&#8220; custom_padding=&#8220;|||&#8220; global_colors_info=&#8220;{}&#8220; custom_padding__hover=&#8220;|||&#8220;][et_pb_text _builder_version=&#8220;4.17.4&#8243; _module_preset=&#8220;default&#8220; text_font=&#8220;Karla||||||||&#8220; text_text_color=&#8220;rgba(255,255,255,0.7)&#8220; text_font_size=&#8220;18px&#8220; text_line_height=&#8220;1.8em&#8220; link_font=&#8220;||||||||&#8220; link_text_color=&#8220;rgba(255,255,255,0.71)&#8220; header_font=&#8220;||||||||&#8220; header_2_font=&#8220;Karla||||||||&#8220; header_2_font_size=&#8220;40px&#8220; header_2_line_height=&#8220;1.4em&#8220; header_3_font=&#8220;||||||||&#8220; background_layout=&#8220;dark&#8220; max_width=&#8220;600px&#8220; hover_enabled=&#8220;0&#8243; locked=&#8220;off&#8220; global_colors_info=&#8220;{}&#8220; sticky_enabled=&#8220;0&#8243; module_class=&#8220;ease-out&#8220;]<\/p>\n<h2>Kontaktujte n\u00e1s<\/h2>\n<p>[\/et_pb_text][et_pb_text _builder_version=&#8220;4.17.4&#8243; _module_preset=&#8220;default&#8220; text_font=&#8220;Karla||||||||&#8220; text_text_color=&#8220;rgba(255,255,255,0.7)&#8220; text_font_size=&#8220;18px&#8220; text_line_height=&#8220;1.8em&#8220; link_font=&#8220;||||||||&#8220; link_text_color=&#8220;rgba(255,255,255,0.71)&#8220; header_font=&#8220;||||||||&#8220; header_2_font=&#8220;Karla||||||||&#8220; header_2_font_size=&#8220;40px&#8220; header_2_line_height=&#8220;1.4em&#8220; header_3_font=&#8220;||||||||&#8220; background_layout=&#8220;dark&#8220; max_width=&#8220;600px&#8220; hover_enabled=&#8220;0&#8243; locked=&#8220;off&#8220; global_colors_info=&#8220;{}&#8220; sticky_enabled=&#8220;0&#8243;]<\/p>\n<p><strong>M-DOMY s.r.o.<br \/><\/strong><b>Ing. Michal Richtr<br \/>Ovesn\u00e1 415\/32<br \/>779 00 Olomouc<\/b><\/p>\n<p><b>T: <a href=\"tel:602561364 \">602 561 364<\/a><br \/>E: <a href=\"mailto:richtr@m-domy.cz\">richtr@m-domy.cz<\/a><\/b><b><\/b><b><\/b><\/p>\n<p><b>I\u010c: 172 38 285<br \/><\/b><\/p>\n<p>[\/et_pb_text][\/et_pb_column][et_pb_column type=&#8220;1_2&#8243; _builder_version=&#8220;4.16&#8243; _module_preset=&#8220;default&#8220; custom_padding=&#8220;|||&#8220; global_colors_info=&#8220;{}&#8220; custom_padding__hover=&#8220;|||&#8220;][et_pb_contact_form email=&#8220;richtr@m-domy.cz&#8220; custom_message=&#8220;Nov\u00fd dotaz z webu:||et_pb_line_break_holder||||et_pb_line_break_holder||%%Name%%||et_pb_line_break_holder||%%Email%%||et_pb_line_break_holder||%%phone%%||et_pb_line_break_holder||%%Message%%&#8220; module_id=&#8220;et_pb_contact_form_0&#8243; _builder_version=&#8220;4.17.4&#8243; _module_preset=&#8220;default&#8220; form_field_background_color=&#8220;#242424&#8243; form_field_text_color=&#8220;rgba(255,255,255,0.5)&#8220; form_field_font=&#8220;Karla||||||||&#8220; form_field_font_size=&#8220;16px&#8220; custom_button=&#8220;on&#8220; button_text_size=&#8220;15px&#8220; button_text_color=&#8220;#c2ab92&#8243; button_border_width=&#8220;0px&#8220; button_letter_spacing=&#8220;1px&#8220; button_font=&#8220;Karla|700||on|||||&#8220; button_icon=&#8220;&#x4b;||divi||400&#8243; button_icon_placement=&#8220;left&#8220; button_on_hover=&#8220;off&#8220; custom_padding=&#8220;|||&#8220; form_background_color=&#8220;#242424&#8243; global_colors_info=&#8220;{}&#8220;][et_pb_contact_field field_id=&#8220;Name&#8220; field_title=&#8220;Jm\u00e9no&#8220; _builder_version=&#8220;4.17.4&#8243; _module_preset=&#8220;default&#8220; global_colors_info=&#8220;{}&#8220; button_text_size__hover_enabled=&#8220;off&#8220; button_one_text_size__hover_enabled=&#8220;off&#8220; button_two_text_size__hover_enabled=&#8220;off&#8220; button_text_color__hover_enabled=&#8220;off&#8220; button_one_text_color__hover_enabled=&#8220;off&#8220; button_two_text_color__hover_enabled=&#8220;off&#8220; button_border_width__hover_enabled=&#8220;off&#8220; button_one_border_width__hover_enabled=&#8220;off&#8220; button_two_border_width__hover_enabled=&#8220;off&#8220; button_border_color__hover_enabled=&#8220;off&#8220; button_one_border_color__hover_enabled=&#8220;off&#8220; button_two_border_color__hover_enabled=&#8220;off&#8220; button_border_radius__hover_enabled=&#8220;off&#8220; button_one_border_radius__hover_enabled=&#8220;off&#8220; button_two_border_radius__hover_enabled=&#8220;off&#8220; button_letter_spacing__hover_enabled=&#8220;off&#8220; button_one_letter_spacing__hover_enabled=&#8220;off&#8220; button_two_letter_spacing__hover_enabled=&#8220;off&#8220; button_bg_color__hover_enabled=&#8220;off&#8220; button_one_bg_color__hover_enabled=&#8220;off&#8220; button_two_bg_color__hover_enabled=&#8220;off&#8220;][\/et_pb_contact_field][et_pb_contact_field field_id=&#8220;phone&#8220; field_title=&#8220;Telefon&#8220; allowed_symbols=&#8220;numbers&#8220; _builder_version=&#8220;4.17.4&#8243; _module_preset=&#8220;default&#8220; global_colors_info=&#8220;{}&#8220;][\/et_pb_contact_field][et_pb_contact_field field_id=&#8220;Email&#8220; field_title=&#8220;Email&#8220; field_type=&#8220;email&#8220; fullwidth_field=&#8220;on&#8220; _builder_version=&#8220;4.17.4&#8243; _module_preset=&#8220;default&#8220; global_colors_info=&#8220;{}&#8220; button_text_size__hover_enabled=&#8220;off&#8220; button_one_text_size__hover_enabled=&#8220;off&#8220; button_two_text_size__hover_enabled=&#8220;off&#8220; button_text_color__hover_enabled=&#8220;off&#8220; button_one_text_color__hover_enabled=&#8220;off&#8220; button_two_text_color__hover_enabled=&#8220;off&#8220; button_border_width__hover_enabled=&#8220;off&#8220; button_one_border_width__hover_enabled=&#8220;off&#8220; button_two_border_width__hover_enabled=&#8220;off&#8220; button_border_color__hover_enabled=&#8220;off&#8220; button_one_border_color__hover_enabled=&#8220;off&#8220; button_two_border_color__hover_enabled=&#8220;off&#8220; button_border_radius__hover_enabled=&#8220;off&#8220; button_one_border_radius__hover_enabled=&#8220;off&#8220; button_two_border_radius__hover_enabled=&#8220;off&#8220; button_letter_spacing__hover_enabled=&#8220;off&#8220; button_one_letter_spacing__hover_enabled=&#8220;off&#8220; button_two_letter_spacing__hover_enabled=&#8220;off&#8220; button_bg_color__hover_enabled=&#8220;off&#8220; button_one_bg_color__hover_enabled=&#8220;off&#8220; button_two_bg_color__hover_enabled=&#8220;off&#8220;][\/et_pb_contact_field][et_pb_contact_field field_id=&#8220;Message&#8220; field_title=&#8220;Zpr\u00e1va&#8220; field_type=&#8220;text&#8220; fullwidth_field=&#8220;on&#8220; _builder_version=&#8220;4.17.4&#8243; _module_preset=&#8220;default&#8220; global_colors_info=&#8220;{}&#8220; button_text_size__hover_enabled=&#8220;off&#8220; button_one_text_size__hover_enabled=&#8220;off&#8220; button_two_text_size__hover_enabled=&#8220;off&#8220; button_text_color__hover_enabled=&#8220;off&#8220; button_one_text_color__hover_enabled=&#8220;off&#8220; button_two_text_color__hover_enabled=&#8220;off&#8220; button_border_width__hover_enabled=&#8220;off&#8220; button_one_border_width__hover_enabled=&#8220;off&#8220; button_two_border_width__hover_enabled=&#8220;off&#8220; button_border_color__hover_enabled=&#8220;off&#8220; button_one_border_color__hover_enabled=&#8220;off&#8220; button_two_border_color__hover_enabled=&#8220;off&#8220; button_border_radius__hover_enabled=&#8220;off&#8220; button_one_border_radius__hover_enabled=&#8220;off&#8220; button_two_border_radius__hover_enabled=&#8220;off&#8220; button_letter_spacing__hover_enabled=&#8220;off&#8220; button_one_letter_spacing__hover_enabled=&#8220;off&#8220; button_two_letter_spacing__hover_enabled=&#8220;off&#8220; button_bg_color__hover_enabled=&#8220;off&#8220; button_one_bg_color__hover_enabled=&#8220;off&#8220; button_two_bg_color__hover_enabled=&#8220;off&#8220;][\/et_pb_contact_field][\/et_pb_contact_form][\/et_pb_column][\/et_pb_row][\/et_pb_section]<\/p>\n","protected":false},"excerpt":{"rendered":"<p>About Elegant Inc. Sed ut perspiciatis unde omnis iste natus error sit voluptatem accusantium doloremque laudantium, totam rem aperiam, eaque ipsa quae ab illo inventore veritatis et quasi architecto beatae vitae dicta sunt explicabo. Nemo enim ipsam voluptatem quia voluptas sit aspernatur aut odit aut fugit, sed quia consequuntur magni dolores eos qui ratione voluptatem [&hellip;]<\/p>\n","protected":false},"author":1,"featured_media":0,"parent":0,"menu_order":0,"comment_status":"closed","ping_status":"closed","template":"","meta":{"_et_pb_use_builder":"on","_et_pb_old_content":"","_et_gb_content_width":"","inline_featured_image":false,"footnotes":""},"class_list":["post-7","page","type-page","status-publish","hentry"],"acf":[],"_links":{"self":[{"href":"https:\/\/m-domy.cz\/index.php\/wp-json\/wp\/v2\/pages\/7","targetHints":{"allow":["GET"]}}],"collection":[{"href":"https:\/\/m-domy.cz\/index.php\/wp-json\/wp\/v2\/pages"}],"about":[{"href":"https:\/\/m-domy.cz\/index.php\/wp-json\/wp\/v2\/types\/page"}],"author":[{"embeddable":true,"href":"https:\/\/m-domy.cz\/index.php\/wp-json\/wp\/v2\/users\/1"}],"replies":[{"embeddable":true,"href":"https:\/\/m-domy.cz\/index.php\/wp-json\/wp\/v2\/comments?post=7"}],"version-history":[{"count":44,"href":"https:\/\/m-domy.cz\/index.php\/wp-json\/wp\/v2\/pages\/7\/revisions"}],"predecessor-version":[{"id":142,"href":"https:\/\/m-domy.cz\/index.php\/wp-json\/wp\/v2\/pages\/7\/revisions\/142"}],"wp:attachment":[{"href":"https:\/\/m-domy.cz\/index.php\/wp-json\/wp\/v2\/media?parent=7"}],"curies":[{"name":"wp","href":"https:\/\/api.w.org\/{rel}","templated":true}]}}